{"id":128,"date":"2021-11-27T12:48:34","date_gmt":"2021-11-27T12:48:34","guid":{"rendered":"https:\/\/m140.iawp.formation-sowam.fr\/?page_id=128"},"modified":"2023-01-09T07:37:14","modified_gmt":"2023-01-09T07:37:14","slug":"villes","status":"publish","type":"page","link":"https:\/\/www.wprevision26.cfa-ia-projetweb.fr\/timothe\/villes\/","title":{"rendered":"Villes"},"content":{"rendered":"\n<h2 class=\"has-text-align-center has-ast-global-color-1-color has-text-color wp-block-heading\" style=\"margin-top:40px;margin-right:40px;margin-bottom:40px;margin-left:40px;font-style:italic;font-weight:900;text-transform:uppercase\">Villes<\/h2>\n\n\n\n<figure class=\"wp-block-gallery has-nested-images columns-default is-cropped wp-block-gallery-1 is-layout-flex wp-block-gallery-is-layout-flex\">\n<figure class=\"wp-block-image size-large\"><img loading=\"lazy\" decoding=\"async\" width=\"1024\" height=\"680\" data-id=\"109\" src=\"https:\/\/www.wprevision26.cfa-ia-projetweb.fr\/timothe\/wp-content\/uploads\/2021\/11\/victor-he-u8W1qcCGiiE-unsplash-1024x680.jpg\" alt=\"\" class=\"wp-image-109\" srcset=\"https:\/\/www.wprevision26.cfa-ia-projetweb.fr\/timothe\/wp-content\/uploads\/2021\/11\/victor-he-u8W1qcCGiiE-unsplash-1024x680.jpg 1024w, https:\/\/www.wprevision26.cfa-ia-projetweb.fr\/timothe\/wp-content\/uploads\/2021\/11\/victor-he-u8W1qcCGiiE-unsplash-300x199.jpg 300w, https:\/\/www.wprevision26.cfa-ia-projetweb.fr\/timothe\/wp-content\/uploads\/2021\/11\/victor-he-u8W1qcCGiiE-unsplash-768x510.jpg 768w, https:\/\/www.wprevision26.cfa-ia-projetweb.fr\/timothe\/wp-content\/uploads\/2021\/11\/victor-he-u8W1qcCGiiE-unsplash-1536x1020.jpg 1536w, https:\/\/www.wprevision26.cfa-ia-projetweb.fr\/timothe\/wp-content\/uploads\/2021\/11\/victor-he-u8W1qcCGiiE-unsplash-2048x1360.jpg 2048w\" sizes=\"auto, (max-width: 1024px) 100vw, 1024px\" \/><\/figure>\n\n\n\n<figure class=\"wp-block-image size-large\"><img loading=\"lazy\" decoding=\"async\" width=\"800\" height=\"600\" data-id=\"129\" src=\"https:\/\/www.wprevision26.cfa-ia-projetweb.fr\/timothe\/wp-content\/uploads\/2021\/11\/telechargement-16.jpg\" alt=\"\" class=\"wp-image-129\" srcset=\"https:\/\/www.wprevision26.cfa-ia-projetweb.fr\/timothe\/wp-content\/uploads\/2021\/11\/telechargement-16.jpg 800w, https:\/\/www.wprevision26.cfa-ia-projetweb.fr\/timothe\/wp-content\/uploads\/2021\/11\/telechargement-16-300x225.jpg 300w, https:\/\/www.wprevision26.cfa-ia-projetweb.fr\/timothe\/wp-content\/uploads\/2021\/11\/telechargement-16-768x576.jpg 768w\" sizes=\"auto, (max-width: 800px) 100vw, 800px\" \/><\/figure>\n\n\n\n<figure class=\"wp-block-image size-large\"><img loading=\"lazy\" decoding=\"async\" width=\"1000\" height=\"750\" data-id=\"130\" src=\"https:\/\/www.wprevision26.cfa-ia-projetweb.fr\/timothe\/wp-content\/uploads\/2021\/11\/telechargement-17.jpg\" alt=\"\" class=\"wp-image-130\" srcset=\"https:\/\/www.wprevision26.cfa-ia-projetweb.fr\/timothe\/wp-content\/uploads\/2021\/11\/telechargement-17.jpg 1000w, https:\/\/www.wprevision26.cfa-ia-projetweb.fr\/timothe\/wp-content\/uploads\/2021\/11\/telechargement-17-300x225.jpg 300w, https:\/\/www.wprevision26.cfa-ia-projetweb.fr\/timothe\/wp-content\/uploads\/2021\/11\/telechargement-17-768x576.jpg 768w\" sizes=\"auto, (max-width: 1000px) 100vw, 1000px\" \/><\/figure>\n\n\n\n<figure class=\"wp-block-image size-large\"><img loading=\"lazy\" decoding=\"async\" width=\"1024\" height=\"640\" data-id=\"126\" src=\"https:\/\/www.wprevision26.cfa-ia-projetweb.fr\/timothe\/wp-content\/uploads\/2021\/11\/telechargement-8-1024x640.jpg\" alt=\"\" class=\"wp-image-126\" srcset=\"https:\/\/www.wprevision26.cfa-ia-projetweb.fr\/timothe\/wp-content\/uploads\/2021\/11\/telechargement-8-1024x640.jpg 1024w, https:\/\/www.wprevision26.cfa-ia-projetweb.fr\/timothe\/wp-content\/uploads\/2021\/11\/telechargement-8-300x188.jpg 300w, https:\/\/www.wprevision26.cfa-ia-projetweb.fr\/timothe\/wp-content\/uploads\/2021\/11\/telechargement-8-768x480.jpg 768w, https:\/\/www.wprevision26.cfa-ia-projetweb.fr\/timothe\/wp-content\/uploads\/2021\/11\/telechargement-8.jpg 1200w\" sizes=\"auto, (max-width: 1024px) 100vw, 1024px\" \/><\/figure>\n\n\n\n<figure class=\"wp-block-image size-large\"><img loading=\"lazy\" decoding=\"async\" width=\"1024\" height=\"640\" data-id=\"123\" src=\"https:\/\/www.wprevision26.cfa-ia-projetweb.fr\/timothe\/wp-content\/uploads\/2021\/11\/telechargement-12-1024x640.jpg\" alt=\"\" class=\"wp-image-123\" srcset=\"https:\/\/www.wprevision26.cfa-ia-projetweb.fr\/timothe\/wp-content\/uploads\/2021\/11\/telechargement-12-1024x640.jpg 1024w, https:\/\/www.wprevision26.cfa-ia-projetweb.fr\/timothe\/wp-content\/uploads\/2021\/11\/telechargement-12-300x188.jpg 300w, https:\/\/www.wprevision26.cfa-ia-projetweb.fr\/timothe\/wp-content\/uploads\/2021\/11\/telechargement-12-768x480.jpg 768w, https:\/\/www.wprevision26.cfa-ia-projetweb.fr\/timothe\/wp-content\/uploads\/2021\/11\/telechargement-12.jpg 1200w\" sizes=\"auto, (max-width: 1024px) 100vw, 1024px\" \/><\/figure>\n<\/figure>\n\n\n\n<p style=\"padding-top:40px;padding-right:40px;padding-bottom:40px;padding-left:40px\">L\u2019Italie fait souvent r\u00eaver par sa diversit\u00e9 de paysages, ses monuments t\u00e9moins de si\u00e8cles d\u2019histoire et son offre artistique qui compte les plus grands ma\u00eetres de la peinture. Que vous vouliez partir d\u00e9couvrir ses mus\u00e9es, admirer ses paysages pittoresques, go\u00fbter \u00e0 sa cuisine savoureuse ou profiter de la dolce vita, vous y trouverez forc\u00e9ment de quoi combler vos envies de s\u00e9jour \u00e0 deux ou en famille. Voici notre top 15 des plus belles villes italiennes \u00e0 d\u00e9couvrir absolument et qui sont en plus facilement accessibles en train.<\/p>\n\n\n\n<div class=\"wp-block-columns is-layout-flex wp-container-core-columns-is-layout-28f84493 wp-block-columns-is-layout-flex\">\n<div class=\"wp-block-column is-layout-flow wp-block-column-is-layout-flow\" style=\"flex-basis:100%\">\n<div class=\"wp-block-columns is-layout-flex wp-container-core-columns-is-layout-28f84493 wp-block-columns-is-layout-flex\">\n<div class=\"wp-block-column is-layout-flow wp-block-column-is-layout-flow\">\n<figure class=\"wp-block-image aligncenter size-medium\"><img loading=\"lazy\" decoding=\"async\" width=\"300\" height=\"225\" src=\"https:\/\/www.wprevision26.cfa-ia-projetweb.fr\/timothe\/wp-content\/uploads\/2021\/11\/telechargement-16-300x225.jpg\" alt=\"\" class=\"wp-image-129\" srcset=\"https:\/\/www.wprevision26.cfa-ia-projetweb.fr\/timothe\/wp-content\/uploads\/2021\/11\/telechargement-16-300x225.jpg 300w, https:\/\/www.wprevision26.cfa-ia-projetweb.fr\/timothe\/wp-content\/uploads\/2021\/11\/telechargement-16-768x576.jpg 768w, https:\/\/www.wprevision26.cfa-ia-projetweb.fr\/timothe\/wp-content\/uploads\/2021\/11\/telechargement-16.jpg 800w\" sizes=\"auto, (max-width: 300px) 100vw, 300px\" \/><\/figure>\n\n\n\n<div class=\"wp-block-buttons is-horizontal is-content-justification-center is-layout-flex wp-container-core-buttons-is-layout-03627597 wp-block-buttons-is-layout-flex\">\n<div class=\"wp-block-button\"><a class=\"wp-block-button__link wp-element-button\" href=\"\/category\/villes\/florence\/\">D\u00e9couvrir Florence<\/a><\/div>\n<\/div>\n<\/div>\n\n\n\n<div class=\"wp-block-column is-layout-flow wp-block-column-is-layout-flow\">\n<figure class=\"wp-block-image aligncenter size-medium\"><img loading=\"lazy\" decoding=\"async\" width=\"300\" height=\"225\" src=\"https:\/\/www.wprevision26.cfa-ia-projetweb.fr\/timothe\/wp-content\/uploads\/2021\/11\/telechargement-17-300x225.jpg\" alt=\"\" class=\"wp-image-130\" srcset=\"https:\/\/www.wprevision26.cfa-ia-projetweb.fr\/timothe\/wp-content\/uploads\/2021\/11\/telechargement-17-300x225.jpg 300w, https:\/\/www.wprevision26.cfa-ia-projetweb.fr\/timothe\/wp-content\/uploads\/2021\/11\/telechargement-17-768x576.jpg 768w, https:\/\/www.wprevision26.cfa-ia-projetweb.fr\/timothe\/wp-content\/uploads\/2021\/11\/telechargement-17.jpg 1000w\" sizes=\"auto, (max-width: 300px) 100vw, 300px\" \/><\/figure>\n\n\n\n<div class=\"wp-block-buttons is-horizontal is-content-justification-center is-layout-flex wp-container-core-buttons-is-layout-03627597 wp-block-buttons-is-layout-flex\">\n<div class=\"wp-block-button\"><a class=\"wp-block-button__link wp-element-button\" href=\"\/category\/villes\/florence\/\">D\u00e9couvrir Rome<\/a><\/div>\n<\/div>\n<\/div>\n<\/div>\n\n\n\n<div class=\"wp-block-columns is-layout-flex wp-container-core-columns-is-layout-28f84493 wp-block-columns-is-layout-flex\">\n<div class=\"wp-block-column is-layout-flow wp-block-column-is-layout-flow\">\n<figure class=\"wp-block-image aligncenter size-medium\"><img loading=\"lazy\" decoding=\"async\" width=\"300\" height=\"225\" src=\"https:\/\/www.wprevision26.cfa-ia-projetweb.fr\/timothe\/wp-content\/uploads\/2021\/11\/telechargement-18-300x225.jpg\" alt=\"\" class=\"wp-image-131\" srcset=\"https:\/\/www.wprevision26.cfa-ia-projetweb.fr\/timothe\/wp-content\/uploads\/2021\/11\/telechargement-18-300x225.jpg 300w, https:\/\/www.wprevision26.cfa-ia-projetweb.fr\/timothe\/wp-content\/uploads\/2021\/11\/telechargement-18-1024x768.jpg 1024w, https:\/\/www.wprevision26.cfa-ia-projetweb.fr\/timothe\/wp-content\/uploads\/2021\/11\/telechargement-18-768x576.jpg 768w, https:\/\/www.wprevision26.cfa-ia-projetweb.fr\/timothe\/wp-content\/uploads\/2021\/11\/telechargement-18-1536x1152.jpg 1536w, https:\/\/www.wprevision26.cfa-ia-projetweb.fr\/timothe\/wp-content\/uploads\/2021\/11\/telechargement-18-2048x1536.jpg 2048w\" sizes=\"auto, (max-width: 300px) 100vw, 300px\" \/><\/figure>\n\n\n\n<div class=\"wp-block-buttons is-horizontal is-content-justification-center is-layout-flex wp-container-core-buttons-is-layout-03627597 wp-block-buttons-is-layout-flex\">\n<div class=\"wp-block-button\"><a class=\"wp-block-button__link wp-element-button\" href=\"\/category\/villes\/naples\">D\u00e9couvrir Naples<\/a><\/div>\n<\/div>\n<\/div>\n\n\n\n<div class=\"wp-block-column is-layout-flow wp-block-column-is-layout-flow\">\n<figure class=\"wp-block-image aligncenter size-medium\"><img loading=\"lazy\" decoding=\"async\" width=\"300\" height=\"225\" src=\"https:\/\/www.wprevision26.cfa-ia-projetweb.fr\/timothe\/wp-content\/uploads\/2021\/11\/ba3fa2d0-9031-11e8-a0da-0242ac11004d-e1638017515481-300x225.jpg\" alt=\"\" class=\"wp-image-133\" srcset=\"https:\/\/www.wprevision26.cfa-ia-projetweb.fr\/timothe\/wp-content\/uploads\/2021\/11\/ba3fa2d0-9031-11e8-a0da-0242ac11004d-e1638017515481-300x225.jpg 300w, https:\/\/www.wprevision26.cfa-ia-projetweb.fr\/timothe\/wp-content\/uploads\/2021\/11\/ba3fa2d0-9031-11e8-a0da-0242ac11004d-e1638017515481-768x575.jpg 768w, https:\/\/www.wprevision26.cfa-ia-projetweb.fr\/timothe\/wp-content\/uploads\/2021\/11\/ba3fa2d0-9031-11e8-a0da-0242ac11004d-e1638017515481.jpg 1023w\" sizes=\"auto, (max-width: 300px) 100vw, 300px\" \/><\/figure>\n\n\n\n<div class=\"wp-block-buttons is-horizontal is-content-justification-center is-layout-flex wp-container-core-buttons-is-layout-03627597 wp-block-buttons-is-layout-flex\">\n<div class=\"wp-block-button\"><a class=\"wp-block-button__link wp-element-button\" href=\"\/category\/villes\/milan\">D\u00e9couvrir Milan<\/a><\/div>\n<\/div>\n<\/div>\n<\/div>\n<\/div>\n<\/div>\n\n\n\n<div class=\"wp-block-columns is-layout-flex wp-container-core-columns-is-layout-28f84493 wp-block-columns-is-layout-flex\">\n<div class=\"wp-block-column is-layout-flow wp-block-column-is-layout-flow\" style=\"flex-basis:100%\">\n<div class=\"inherit-container-width wp-block-group is-layout-constrained wp-block-group-is-layout-constrained\"><div class=\"wp-block-group__inner-container\"><ul class=\"wp-block-latest-posts__list has-dates has-author wp-block-latest-posts\"><\/ul><\/div><\/div>\n<\/div>\n<\/div>\n","protected":false},"excerpt":{"rendered":"<p>Villes L\u2019Italie fait souvent r\u00eaver par sa diversit\u00e9 de paysages, ses monuments t\u00e9moins de si\u00e8cles d\u2019histoire et son offre artistique qui compte les plus grands ma\u00eetres de la peinture. Que vous vouliez partir d\u00e9couvrir ses mus\u00e9es, admirer ses paysages pittoresques, go\u00fbter \u00e0 sa cuisine savoureuse ou profiter de la dolce vita, vous y trouverez forc\u00e9ment [&hellip;]<\/p>\n","protected":false},"author":1,"featured_media":0,"parent":0,"menu_order":0,"comment_status":"closed","ping_status":"closed","template":"","meta":{"_uag_custom_page_level_css":"","site-sidebar-layout":"no-sidebar","site-content-layout":"plain-container","ast-site-content-layout":"","site-content-style":"default","site-sidebar-style":"default","ast-global-header-display":"","ast-banner-title-visibility":"","ast-main-header-display":"","ast-hfb-above-header-display":"","ast-hfb-below-header-display":"","ast-hfb-mobile-header-display":"","site-post-title":"disabled","ast-breadcrumbs-content":"","ast-featured-img":"","footer-sml-layout":"","theme-transparent-header-meta":"","adv-header-id-meta":"","stick-header-meta":"","header-above-stick-meta":"","header-main-stick-meta":"","header-below-stick-meta":"","astra-migrate-meta-layouts":"default","ast-page-background-enabled":"default","ast-page-background-meta":{"desktop":{"background-color":"","background-image":"","background-repeat":"repeat","background-position":"center center","background-size":"auto","background-attachment":"scroll","background-type":"","background-media":"","overlay-type":"","overlay-color":"","overlay-opacity":"","overlay-gradient":""},"tablet":{"background-color":"","background-image":"","background-repeat":"repeat","background-position":"center center","background-size":"auto","background-attachment":"scroll","background-type":"","background-media":"","overlay-type":"","overlay-color":"","overlay-opacity":"","overlay-gradient":""},"mobile":{"background-color":"","background-image":"","background-repeat":"repeat","background-position":"center center","background-size":"auto","background-attachment":"scroll","background-type":"","background-media":"","overlay-type":"","overlay-color":"","overlay-opacity":"","overlay-gradient":""}},"ast-content-background-meta":{"desktop":{"background-color":"var(--ast-global-color-5)","background-image":"","background-repeat":"repeat","background-position":"center center","background-size":"auto","background-attachment":"scroll","background-type":"","background-media":"","overlay-type":"","overlay-color":"","overlay-opacity":"","overlay-gradient":""},"tablet":{"background-color":"var(--ast-global-color-5)","background-image":"","background-repeat":"repeat","background-position":"center center","background-size":"auto","background-attachment":"scroll","background-type":"","background-media":"","overlay-type":"","overlay-color":"","overlay-opacity":"","overlay-gradient":""},"mobile":{"background-color":"var(--ast-global-color-5)","background-image":"","background-repeat":"repeat","background-position":"center center","background-size":"auto","background-attachment":"scroll","background-type":"","background-media":"","overlay-type":"","overlay-color":"","overlay-opacity":"","overlay-gradient":""}},"footnotes":""},"class_list":["post-128","page","type-page","status-publish","hentry"],"uagb_featured_image_src":{"full":false,"thumbnail":false,"medium":false,"medium_large":false,"large":false,"1536x1536":false,"2048x2048":false},"uagb_author_info":{"display_name":"admin-sowam","author_link":"https:\/\/www.wprevision26.cfa-ia-projetweb.fr\/timothe\/author\/admin-sowam\/"},"uagb_comment_info":0,"uagb_excerpt":"Villes L\u2019Italie fait souvent r\u00eaver par sa diversit\u00e9 de paysages, ses monuments t\u00e9moins de si\u00e8cles d\u2019histoire et son offre artistique qui compte les plus grands ma\u00eetres de la peinture. Que vous vouliez partir d\u00e9couvrir ses mus\u00e9es, admirer ses paysages pittoresques, go\u00fbter \u00e0 sa cuisine savoureuse ou profiter de la dolce vita, vous y trouverez forc\u00e9ment\u2026","_links":{"self":[{"href":"https:\/\/www.wprevision26.cfa-ia-projetweb.fr\/timothe\/wp-json\/wp\/v2\/pages\/128","targetHints":{"allow":["GET"]}}],"collection":[{"href":"https:\/\/www.wprevision26.cfa-ia-projetweb.fr\/timothe\/wp-json\/wp\/v2\/pages"}],"about":[{"href":"https:\/\/www.wprevision26.cfa-ia-projetweb.fr\/timothe\/wp-json\/wp\/v2\/types\/page"}],"author":[{"embeddable":true,"href":"https:\/\/www.wprevision26.cfa-ia-projetweb.fr\/timothe\/wp-json\/wp\/v2\/users\/1"}],"replies":[{"embeddable":true,"href":"https:\/\/www.wprevision26.cfa-ia-projetweb.fr\/timothe\/wp-json\/wp\/v2\/comments?post=128"}],"version-history":[{"count":8,"href":"https:\/\/www.wprevision26.cfa-ia-projetweb.fr\/timothe\/wp-json\/wp\/v2\/pages\/128\/revisions"}],"predecessor-version":[{"id":1185,"href":"https:\/\/www.wprevision26.cfa-ia-projetweb.fr\/timothe\/wp-json\/wp\/v2\/pages\/128\/revisions\/1185"}],"wp:attachment":[{"href":"https:\/\/www.wprevision26.cfa-ia-projetweb.fr\/timothe\/wp-json\/wp\/v2\/media?parent=128"}],"curies":[{"name":"wp","href":"https:\/\/api.w.org\/{rel}","templated":true}]}}