{"id":1055,"date":"2021-02-27T13:55:54","date_gmt":"2021-02-27T13:55:54","guid":{"rendered":"https:\/\/m140.iawp.formation-sowam.fr\/home\/"},"modified":"2023-01-26T10:19:38","modified_gmt":"2023-01-26T10:19:38","slug":"home","status":"publish","type":"page","link":"https:\/\/www.wprevision26.cfa-ia-projetweb.fr\/clement\/","title":{"rendered":"Accueil"},"content":{"rendered":"\n<div class=\"wp-block-cover alignfull\" style=\"min-height:790px;aspect-ratio:unset;\"><span aria-hidden=\"true\" class=\"wp-block-cover__background has-ast-global-color-2-background-color has-background-dim-80 has-background-dim\"><\/span><img loading=\"lazy\" decoding=\"async\" width=\"2000\" height=\"1200\" class=\"wp-block-cover__image-background wp-image-43\" alt=\"\" src=\"https:\/\/www.wprevision26.cfa-ia-projetweb.fr\/clement\/wp-content\/uploads\/2021\/11\/cropped-telechargement-4-e1637950597708.jpg\" data-object-fit=\"cover\" srcset=\"https:\/\/www.wprevision26.cfa-ia-projetweb.fr\/clement\/wp-content\/uploads\/2021\/11\/cropped-telechargement-4-e1637950597708.jpg 2000w, https:\/\/www.wprevision26.cfa-ia-projetweb.fr\/clement\/wp-content\/uploads\/2021\/11\/cropped-telechargement-4-e1637950597708-300x180.jpg 300w, https:\/\/www.wprevision26.cfa-ia-projetweb.fr\/clement\/wp-content\/uploads\/2021\/11\/cropped-telechargement-4-e1637950597708-1024x614.jpg 1024w, https:\/\/www.wprevision26.cfa-ia-projetweb.fr\/clement\/wp-content\/uploads\/2021\/11\/cropped-telechargement-4-e1637950597708-768x461.jpg 768w, https:\/\/www.wprevision26.cfa-ia-projetweb.fr\/clement\/wp-content\/uploads\/2021\/11\/cropped-telechargement-4-e1637950597708-1536x922.jpg 1536w\" sizes=\"auto, (max-width: 2000px) 100vw, 2000px\" \/><div class=\"wp-block-cover__inner-container is-layout-flow wp-block-cover-is-layout-flow\">\n<div style=\"height:30px\" aria-hidden=\"true\" class=\"wp-block-spacer\"><\/div>\n\n\n\n<h1 class=\"has-text-align-center has-white-color has-text-color wp-block-heading\">A la d\u00e9couverte de l&rsquo;Italie<\/h1>\n\n\n\n<div style=\"height:40px\" aria-hidden=\"true\" class=\"wp-block-spacer\"><\/div>\n\n\n\n<div class=\"wp-block-buttons is-horizontal is-content-justification-center is-layout-flex wp-container-core-buttons-is-layout-03627597 wp-block-buttons-is-layout-flex\">\n<div class=\"wp-block-button\"><a class=\"wp-block-button__link has-ast-global-color-0-background-color has-background wp-element-button\" href=\"\/blog\">Blog<\/a><\/div>\n<\/div>\n<\/div><\/div>\n\n\n\n<div class=\"wp-block-cover alignfull has-parallax\"><span aria-hidden=\"true\" class=\"wp-block-cover__background has-ast-global-color-4-background-color has-background-dim-70 has-background-dim\"><\/span><div role=\"img\" class=\"wp-block-cover__image-background wp-image-543 has-parallax\" style=\"background-position:50% 50%;background-image:url(https:\/\/www.wprevision26.cfa-ia-projetweb.fr\/clement\/wp-content\/uploads\/2019\/01\/veggies-bg-free-img.jpg)\"><\/div><div class=\"wp-block-cover__inner-container is-layout-flow wp-block-cover-is-layout-flow\">\n<div class=\"wp-block-columns alignwide are-vertically-aligned-center is-layout-flex wp-container-core-columns-is-layout-28f84493 wp-block-columns-is-layout-flex\">\n<div class=\"wp-block-column is-vertically-aligned-center is-layout-flow wp-block-column-is-layout-flow\">\n<figure class=\"wp-block-image size-large\"><img loading=\"lazy\" decoding=\"async\" width=\"1024\" height=\"640\" src=\"https:\/\/www.wprevision26.cfa-ia-projetweb.fr\/clement\/wp-content\/uploads\/2021\/11\/telechargement-9-1024x640.jpg\" alt=\"\" class=\"wp-image-125\" srcset=\"https:\/\/www.wprevision26.cfa-ia-projetweb.fr\/clement\/wp-content\/uploads\/2021\/11\/telechargement-9-1024x640.jpg 1024w, https:\/\/www.wprevision26.cfa-ia-projetweb.fr\/clement\/wp-content\/uploads\/2021\/11\/telechargement-9-300x188.jpg 300w, https:\/\/www.wprevision26.cfa-ia-projetweb.fr\/clement\/wp-content\/uploads\/2021\/11\/telechargement-9-768x480.jpg 768w, https:\/\/www.wprevision26.cfa-ia-projetweb.fr\/clement\/wp-content\/uploads\/2021\/11\/telechargement-9.jpg 1200w\" sizes=\"auto, (max-width: 1024px) 100vw, 1024px\" \/><\/figure>\n<\/div>\n\n\n\n<div class=\"wp-block-column is-vertically-aligned-center is-layout-flow wp-block-column-is-layout-flow\">\n<h4 class=\"has-black-color has-text-color wp-block-heading\">Culture, paysage, art<\/h4>\n\n\n\n<h2 class=\"has-black-color has-text-color wp-block-heading\">Passion voyage<\/h2>\n\n\n\n<hr class=\"wp-block-separator has-text-color has-ast-global-color-0-color has-css-opacity has-ast-global-color-0-background-color has-background is-style-wide\"\/>\n\n\n\n<p class=\"has-text-color\" style=\"color:#757575\">Nous ne sommes pas des professionnels du voyage, nous sommes plut\u00f4t des voyageurs chroniques qui se retrouvent plusieurs fois par an en Italie. Nous n\u2019avons rien \u00e0 vous vendre et vous trouverez seulement sur le site le r\u00e9sultat de nos voyages. Notre objectif est de faire de ce blog, le blog que nous aurions aim\u00e9 trouver avant de partir en Italie.<\/p>\n\n\n<form role=\"search\" method=\"get\" action=\"https:\/\/www.wprevision26.cfa-ia-projetweb.fr\/clement\/\" class=\"wp-block-search__button-outside wp-block-search__text-button wp-block-search\"    ><label class=\"wp-block-search__label\" for=\"wp-block-search__input-1\" >Rechercher<\/label><div class=\"wp-block-search__inside-wrapper\" ><input class=\"wp-block-search__input\" id=\"wp-block-search__input-1\" placeholder=\"\" value=\"\" type=\"search\" name=\"s\" required \/><button aria-label=\"Rechercher\" class=\"wp-block-search__button has-background has-ast-global-color-1-background-color wp-element-button\" type=\"submit\" >Rechercher<\/button><\/div><\/form><\/div>\n<\/div>\n<\/div><\/div>\n\n\n\n<div class=\"inherit-container-width wp-block-group alignfull has-ast-global-color-4-color has-ast-global-color-2-background-color has-text-color has-background has-link-color wp-elements-d7f5e4e19bb3d4c09744b35296dffae0 is-layout-constrained wp-block-group-is-layout-constrained\"><div class=\"wp-block-group__inner-container\">\n<h2 class=\"has-text-align-center has-ast-global-color-5-color has-text-color wp-block-heading\">Mes derniers articles<\/h2>\n\n\n\n<hr class=\"wp-block-separator has-text-color has-ast-global-color-0-color has-css-opacity has-ast-global-color-0-background-color has-background aligncenter\"\/>\n\n\n<ul style=\"font-style:normal;font-weight:500;\" class=\"wp-block-latest-posts__list is-grid columns-3 has-dates has-author wp-block-latest-posts\"><li><a class=\"wp-block-latest-posts__post-title\" href=\"https:\/\/www.wprevision26.cfa-ia-projetweb.fr\/clement\/2025\/02\/18\/jak-obstawiac-wyscig-po-krola-strzelcow-w-czolowych-ligach\/\">Jak obstawia\u0107 wy\u015bcig po kr\u00f3la strzelc\u00f3w w czo\u0142owych ligach<\/a><time datetime=\"2025-02-18T13:45:58+00:00\" class=\"wp-block-latest-posts__post-date\">f\u00e9vrier 18, 2025<\/time><div class=\"wp-block-latest-posts__post-excerpt\">Wst\u0119p do gry o gol\u2011pierwszego Patrz, wszystkie oczy skupione na jednym \u2013 kto zdob\u0119dzie najwi\u0119cej bramek w sezonie? To nie jest tylko pi\u0142karska fantazja, to prawdziwy rynek pieni\u0119\u017cny, gdzie ka\u017cdy\u2026 <a class=\"wp-block-latest-posts__read-more\" href=\"https:\/\/www.wprevision26.cfa-ia-projetweb.fr\/clement\/2025\/02\/18\/jak-obstawiac-wyscig-po-krola-strzelcow-w-czolowych-ligach\/\" rel=\"noopener noreferrer\">Lire la suite<span class=\"screen-reader-text\">\u00a0: Jak obstawia\u0107 wy\u015bcig po kr\u00f3la strzelc\u00f3w w czo\u0142owych ligach<\/span><\/a><\/div><\/li>\n<li><a class=\"wp-block-latest-posts__post-title\" href=\"https:\/\/www.wprevision26.cfa-ia-projetweb.fr\/clement\/2025\/02\/18\/betting-on-technical-infringements-and-disqualifications\/\">Betting on Technical Infringements and Disqualifications<\/a><time datetime=\"2025-02-18T13:45:58+00:00\" class=\"wp-block-latest-posts__post-date\">f\u00e9vrier 18, 2025<\/time><div class=\"wp-block-latest-posts__post-excerpt\">Why the Rulebook Becomes Your Betting Playbook Everyone knows a DRS breach can flip a podium faster than a tyre change. Here\u2019s the deal: the FIA\u2019s technical code is a\u2026 <a class=\"wp-block-latest-posts__read-more\" href=\"https:\/\/www.wprevision26.cfa-ia-projetweb.fr\/clement\/2025\/02\/18\/betting-on-technical-infringements-and-disqualifications\/\" rel=\"noopener noreferrer\">Lire la suite<span class=\"screen-reader-text\">\u00a0: Betting on Technical Infringements and Disqualifications<\/span><\/a><\/div><\/li>\n<li><a class=\"wp-block-latest-posts__post-title\" href=\"https:\/\/www.wprevision26.cfa-ia-projetweb.fr\/clement\/2025\/02\/18\/best-matched-betting-opportunities-at-glorious-goodwood\/\">Best Matched Betting Opportunities At Glorious Goodwood<\/a><time datetime=\"2025-02-18T13:45:58+00:00\" class=\"wp-block-latest-posts__post-date\">f\u00e9vrier 18, 2025<\/time><div class=\"wp-block-latest-posts__post-excerpt\">Why Glorious Goodwood Is a Goldmine for Savvy Bettors The pulse of the racing world beats loudest at the Goodwood Racecourse, where the track\u2019s flat, smooth surface turns every novice\u2026 <a class=\"wp-block-latest-posts__read-more\" href=\"https:\/\/www.wprevision26.cfa-ia-projetweb.fr\/clement\/2025\/02\/18\/best-matched-betting-opportunities-at-glorious-goodwood\/\" rel=\"noopener noreferrer\">Lire la suite<span class=\"screen-reader-text\">\u00a0: Best Matched Betting Opportunities At Glorious Goodwood<\/span><\/a><\/div><\/li>\n<\/ul><\/div><\/div>\n\n\n\n<div class=\"inherit-container-width wp-block-group alignfull has-ast-global-color-5-background-color has-background is-layout-constrained wp-block-group-is-layout-constrained\"><div class=\"wp-block-group__inner-container\">\n<figure class=\"wp-block-image aligncenter size-large\"><img loading=\"lazy\" decoding=\"async\" width=\"198\" height=\"142\" src=\"https:\/\/www.wprevision26.cfa-ia-projetweb.fr\/clement\/wp-content\/uploads\/2019\/01\/quotes4-free-img.jpg\" alt=\"\" class=\"wp-image-762\"\/><\/figure>\n\n\n\n<h3 class=\"has-text-align-center wp-block-heading\">\u201c<strong><strong>&nbsp;Voir le monde de ses yeux est mille fois mieux que n\u2019importe quel r\u00eave.<\/strong><\/strong>\u201d<\/h3>\n\n\n\n<figure class=\"wp-block-image aligncenter size-full is-style-rounded\"><img loading=\"lazy\" decoding=\"async\" width=\"203\" height=\"203\" src=\"https:\/\/www.wprevision26.cfa-ia-projetweb.fr\/clement\/wp-content\/uploads\/2023\/01\/telechargement-e1674728029235.jpeg\" alt=\"\" class=\"wp-image-1207\" srcset=\"https:\/\/www.wprevision26.cfa-ia-projetweb.fr\/clement\/wp-content\/uploads\/2023\/01\/telechargement-e1674728029235.jpeg 203w, https:\/\/www.wprevision26.cfa-ia-projetweb.fr\/clement\/wp-content\/uploads\/2023\/01\/telechargement-e1674728029235-150x150.jpeg 150w\" sizes=\"auto, (max-width: 203px) 100vw, 203px\" \/><figcaption class=\"wp-element-caption\">Ray Bradbury<\/figcaption><\/figure>\n<\/div><\/div>\n","protected":false},"excerpt":{"rendered":"<p>Mes derniers articles \u201c&nbsp;Voir le monde de ses yeux est mille fois mieux que n\u2019importe quel r\u00eave.\u201d<\/p>\n","protected":false},"author":1,"featured_media":0,"parent":0,"menu_order":0,"comment_status":"closed","ping_status":"closed","template":"","meta":{"_uag_custom_page_level_css":"","site-sidebar-layout":"no-sidebar","site-content-layout":"plain-container","ast-site-content-layout":"","site-content-style":"default","site-sidebar-style":"default","ast-global-header-display":"","ast-banner-title-visibility":"","ast-main-header-display":"","ast-hfb-above-header-display":"","ast-hfb-below-header-display":"","ast-hfb-mobile-header-display":"","site-post-title":"disabled","ast-breadcrumbs-content":"","ast-featured-img":"disabled","footer-sml-layout":"","theme-transparent-header-meta":"enabled","adv-header-id-meta":"","stick-header-meta":"","header-above-stick-meta":"","header-main-stick-meta":"","header-below-stick-meta":"","astra-migrate-meta-layouts":"default","ast-page-background-enabled":"default","ast-page-background-meta":{"desktop":{"background-color":"","background-image":"","background-repeat":"repeat","background-position":"center center","background-size":"auto","background-attachment":"scroll","background-type":"","background-media":"","overlay-type":"","overlay-color":"","overlay-opacity":"","overlay-gradient":""},"tablet":{"background-color":"","background-image":"","background-repeat":"repeat","background-position":"center center","background-size":"auto","background-attachment":"scroll","background-type":"","background-media":"","overlay-type":"","overlay-color":"","overlay-opacity":"","overlay-gradient":""},"mobile":{"background-color":"","background-image":"","background-repeat":"repeat","background-position":"center center","background-size":"auto","background-attachment":"scroll","background-type":"","background-media":"","overlay-type":"","overlay-color":"","overlay-opacity":"","overlay-gradient":""}},"ast-content-background-meta":{"desktop":{"background-color":"var(--ast-global-color-5)","background-image":"","background-repeat":"repeat","background-position":"center center","background-size":"auto","background-attachment":"scroll","background-type":"","background-media":"","overlay-type":"","overlay-color":"","overlay-opacity":"","overlay-gradient":""},"tablet":{"background-color":"var(--ast-global-color-5)","background-image":"","background-repeat":"repeat","background-position":"center center","background-size":"auto","background-attachment":"scroll","background-type":"","background-media":"","overlay-type":"","overlay-color":"","overlay-opacity":"","overlay-gradient":""},"mobile":{"background-color":"var(--ast-global-color-5)","background-image":"","background-repeat":"repeat","background-position":"center center","background-size":"auto","background-attachment":"scroll","background-type":"","background-media":"","overlay-type":"","overlay-color":"","overlay-opacity":"","overlay-gradient":""}},"footnotes":""},"class_list":["post-1055","page","type-page","status-publish","hentry"],"uagb_featured_image_src":{"full":false,"thumbnail":false,"medium":false,"medium_large":false,"large":false,"1536x1536":false,"2048x2048":false},"uagb_author_info":{"display_name":"admin-sowam","author_link":"https:\/\/www.wprevision26.cfa-ia-projetweb.fr\/clement\/author\/admin-sowam\/"},"uagb_comment_info":0,"uagb_excerpt":"Mes derniers articles \u201c&nbsp;Voir le monde de ses yeux est mille fois mieux que n\u2019importe quel r\u00eave.\u201d","_links":{"self":[{"href":"https:\/\/www.wprevision26.cfa-ia-projetweb.fr\/clement\/wp-json\/wp\/v2\/pages\/1055","targetHints":{"allow":["GET"]}}],"collection":[{"href":"https:\/\/www.wprevision26.cfa-ia-projetweb.fr\/clement\/wp-json\/wp\/v2\/pages"}],"about":[{"href":"https:\/\/www.wprevision26.cfa-ia-projetweb.fr\/clement\/wp-json\/wp\/v2\/types\/page"}],"author":[{"embeddable":true,"href":"https:\/\/www.wprevision26.cfa-ia-projetweb.fr\/clement\/wp-json\/wp\/v2\/users\/1"}],"replies":[{"embeddable":true,"href":"https:\/\/www.wprevision26.cfa-ia-projetweb.fr\/clement\/wp-json\/wp\/v2\/comments?post=1055"}],"version-history":[{"count":13,"href":"https:\/\/www.wprevision26.cfa-ia-projetweb.fr\/clement\/wp-json\/wp\/v2\/pages\/1055\/revisions"}],"predecessor-version":[{"id":1257,"href":"https:\/\/www.wprevision26.cfa-ia-projetweb.fr\/clement\/wp-json\/wp\/v2\/pages\/1055\/revisions\/1257"}],"wp:attachment":[{"href":"https:\/\/www.wprevision26.cfa-ia-projetweb.fr\/clement\/wp-json\/wp\/v2\/media?parent=1055"}],"curies":[{"name":"wp","href":"https:\/\/api.w.org\/{rel}","templated":true}]}}